{"id":942,"date":"2021-10-27T17:06:07","date_gmt":"2021-10-27T17:06:07","guid":{"rendered":"https:\/\/dev.kebek3motel.com\/?page_id=942"},"modified":"2023-10-06T16:16:37","modified_gmt":"2023-10-06T16:16:37","slug":"accessibility-statement","status":"publish","type":"page","link":"https:\/\/www.kebek3motel.com\/fr\/accessibility-statement\/","title":{"rendered":"D\u00e9claration d'accessibilit\u00e9"},"content":{"rendered":"<p>Cette d\u00e9claration d'accessibilit\u00e9 s'applique \u00e0 : kebek3motel.com - Mise \u00e0 jour septembre 2021.<\/p>\n\n\n\n<h2 class=\"wp-block-heading\">Nous valorisons l'inclusion num\u00e9rique.<\/h2>\n\n\n\n<p>Dans le cadre de nos efforts pour offrir une exp\u00e9rience utilisateur optimis\u00e9e et pleinement accessible \u00e0 tous les visiteurs du site,<br>kebek3motel.com a pris toutes les mesures n\u00e9cessaires pour garantir une excellente exp\u00e9rience utilisateur, quel que soit le syst\u00e8me d'exploitation.<br>la technologie d'assistance utilis\u00e9e pour acc\u00e9der \u00e0 ce site ou les capacit\u00e9s sp\u00e9cifiques de ces personnes.<br>les personnes cherchant \u00e0 acc\u00e9der \u00e0 ce site.<\/p>\n\n\n\n<p>Le site kebek3motel.com est contr\u00f4l\u00e9 et test\u00e9 r\u00e9guli\u00e8rement par des ressources internes et par AudioEye,<br>un fournisseur tiers d'essais et de contr\u00f4le de l'accessibilit\u00e9 du Web. Au fur et \u00e0 mesure que des probl\u00e8mes d'accessibilit\u00e9 sont identifi\u00e9s,<br>les r\u00e9sultats des tests automatis\u00e9s et manuels sont g\u00e9r\u00e9s par la plateforme d'accessibilit\u00e9 num\u00e9rique AudioEye\u00ae.<br>Au fur et \u00e0 mesure que de nouvelles solutions sont d\u00e9couvertes pour am\u00e9liorer l'exp\u00e9rience des utilisateurs, la rem\u00e9diation est suivie par le syst\u00e8me AudioEye et des correctifs sont mis en \u0153uvre pour am\u00e9liorer l'exp\u00e9rience des utilisateurs du site web.<\/p>\n\n\n\n<p><img decoding=\"async\" src=\"https:\/\/customer-portal.audioeye.com\/audioeye-trusted-seal.svg\" alt=\"AudioEye Trusted\"><\/p>\n\n\n\n<h2 class=\"wp-block-heading\">Certification d'accessibilit\u00e9 AudioEye<\/h2>\n\n\n\n<p>Le sceau de certification AudioEye repr\u00e9sente un engagement en faveur de l'accessibilit\u00e9 et de l'inclusion num\u00e9rique.<br>Le processus de certification AudioEye comprend des tests automatiques et manuels dans le but de<br>maximiser la conformit\u00e9 avec les crit\u00e8res de r\u00e9ussite du niveau AA des lignes directrices pour l'accessibilit\u00e9 des contenus web (WCAG) 2.1.<\/p>\n\n\n\n<p><strong><br>AudioEye certifie que ce site est en cours d'\u00eatre<br>am\u00e9lior\u00e9e pour se conformer aux crit\u00e8res de r\u00e9ussite WCAG 2.1 niveau AA \u00e0 l'adresse<br>dans la mesure du possible.<\/strong><\/p>\n\n\n\n<p>AudioEye et kebek3motel.com continuent de collaborer dans un effort continu pour maintenir la conformit\u00e9 et fournir une exp\u00e9rience accessible \u00e0 tous les utilisateurs. Ce site web est r\u00e9guli\u00e8rement test\u00e9 \u00e0 l'aide d'une vari\u00e9t\u00e9 de syst\u00e8mes d'assistance.<br>technologies. Nous recommandons d'utiliser le navigateur web \/ \u00e9cran suivant<br>pour une exp\u00e9rience optimis\u00e9e :<\/p>\n\n\n\n<p><strong>Pour les utilisateurs de Windows :<\/strong> JAWS et Internet Explorer ou NVDA et Firefox<\/p>\n\n\n\n<p><strong>Pour les utilisateurs de Mac :<\/strong> VoiceOver et Safari ou VoiceOver et Chrome<\/p>\n\n\n\n<p><strong>Pour les utilisateurs mobiles :<\/strong> VoiceOver pour l'iPhone et TalkBack pour les appareils Android<\/p>\n\n\n\n<h2 class=\"wp-block-heading\">Lignes directrices sur l'accessibilit\u00e9 du Web<\/h2>\n\n\n\n<p>Am\u00e9liorer l'exp\u00e9rience des utilisateurs de technologies d'assistance<\/p>\n\n\n\n<p>kebek3motel.com s'est appuy\u00e9 sur les Web Content Accessibility Guidelines (WCAG) 2.0 comme r\u00e9f\u00e9rence pour<br>veiller \u00e0 ce que le contenu web mis \u00e0 disposition sur ce site soit plus accessible aux personnes handicap\u00e9es et<br>conviviale pour tout le monde.<\/p>\n\n\n\n<p>Ces meilleures pratiques mondialement reconnues (telles que recommand\u00e9es par le World Wide Web Consortium) sont au nombre de trois<br>niveaux de mesure de l'accessibilit\u00e9 (A, AA et AAA). Dans la mesure du possible, kebek3motel.com<br>a choisi de se conformer au niveau AA des pr\u00e9sentes lignes directrices.<\/p>\n\n\n\n<h3 class=\"wp-block-heading\"><strong>Liens connexes<\/strong><\/h3>\n\n\n\n<p><a href=\"https:\/\/www.w3.org\/WAI\/\" target=\"_blank\" rel=\"noreferrer noopener\">Initiative pour l'accessibilit\u00e9 du Web (WAI)<\/a><br><a href=\"https:\/\/help.audioeye.com\/hc\/en-us\/articles\/360035700891-What-are-the-Web-Content-Accessibility-Guidelines-WCAG-\" target=\"_blank\" rel=\"noreferrer noopener\"><br>Lignes directrices pour la conception des technologies \u00e9lectroniques et de l'information<\/a><\/p>\n\n\n\n<h3 class=\"wp-block-heading\"><strong>Retour d'information<\/strong><\/h3>\n\n\n\n<p>Des experts en accessibilit\u00e9 du web sont disponibles pour aider les visiteurs du site qui ont des difficult\u00e9s \u00e0 acc\u00e9der au contenu et \u00e0 l'information.<br>les diff\u00e9rents services et fonctions disponibles sur le site kebek3motel.com. Les visiteurs du site peuvent choisir de s'adresser au service d'assistance pour signaler et r\u00e9soudre les probl\u00e8mes li\u00e9s \u00e0 l'accessibilit\u00e9 du web.<\/p>\n\n\n\n<p>Si vous rencontrez des probl\u00e8mes avec une page de notre site qui pr\u00e9sente un d\u00e9fi pour les personnes handicap\u00e9es, veuillez contacter <a href=\"\/fr\/contact\/\" alt=\"Contact KebeK 3 Motel\">soumettez vos commentaires<\/a>.<\/p>\n\n\n\n<h2 class=\"wp-block-heading\">La barre d'outils AudioEye<\/h2>\n\n\n\n<p>Fournir aux utilisateurs un utilitaire d'assistance gratuit et personnalisable<\/p>\n\n\n\n<p>En plus des techniques et strat\u00e9gies mentionn\u00e9es ci-dessus - et puisque tous les visiteurs du site n'ont pas acc\u00e8s \u00e0 l'Internet - il est n\u00e9cessaire de mettre en place un syst\u00e8me de gestion de l'information.<br>les outils d'assistance tels que les lecteurs d'\u00e9cran - nous avons fourni gratuitement des outils d'am\u00e9lioration du Web qui permettent aux visiteurs du site de<br>personnaliser leur exp\u00e9rience d'utilisateur.<\/p>\n\n\n\n<p>Activez la barre d'outils AudioEye en cliquant sur l'ic\u00f4ne d'accessibilit\u00e9 sur n'importe quelle page de ce site web.<\/p>\n\n\n\n<h3 class=\"wp-block-heading\"><strong>Caract\u00e9ristiques<\/strong><\/h3>\n\n\n\n<p><strong>La bo\u00eete \u00e0 outils visuelle<\/strong><\/p>\n\n\n\n<p>La bo\u00eete \u00e0 outils visuelle Personnaliser l'affichage visuel du site web<\/p>\n\n\n\n<p><strong>\u00c9l\u00e9ments de la page Navigation<\/strong><\/p>\n\n\n\n<p>Naviguer facilement dans n'importe quelle page par \u00e9l\u00e9ment ou par hi\u00e9rarchie de contenu<\/p>\n\n\n\n<p><strong>Service d'assistance AudioEye<\/strong><\/p>\n\n\n\n<p>Signaler les probl\u00e8mes d'accessibilit\u00e9<\/p>\n\n\n\n<h3 class=\"wp-block-heading\"><strong>Sites de tiers<\/strong><\/h3>\n\n\n\n<p>Tout au long de ce site web, nous utilisons diff\u00e9rents sites web de tiers tels que Instagram, YouTube, Twitter, et<br>Facebook pour diffuser des nouvelles et des informations sur les produits et services de kebek3motel.com. Ces sites, qui ne sont pas<br>contr\u00f4l\u00e9es par kebek3motel.com, peuvent pr\u00e9senter des difficult\u00e9s pour les personnes handicap\u00e9es que nous ne sommes pas en mesure de contr\u00f4ler.<br>ou d'y rem\u00e9dier.<\/p>\n\n\n\n<p>Voici les politiques d'accessibilit\u00e9 de ces sites tiers, telles qu'elles ont \u00e9t\u00e9 rendues publiques :<\/p>\n\n\n\n<p><a href=\"https:\/\/www.facebook.com\/help\/273947702950567?cms_id=141636465971794\" target=\"_blank\" rel=\"noreferrer noopener\">Politique d'accessibilit\u00e9 de Facebook<\/a><br><a href=\"https:\/\/support.google.com\/youtube\/answer\/189278?hl=en\" target=\"_blank\" rel=\"noreferrer noopener\">Politique d'accessibilit\u00e9 de YouTube<\/a><\/p>","protected":false},"excerpt":{"rendered":"<p>This Accessibility Statement applies to: kebek3motel.com&nbsp; &#8211; Updated September 2021. We Value Digital Inclusion. In our effort to provide a fully accessible and optimized user experience for all site visitors,kebek3motel.com has taken careful measure to ensure an excellent user experience, regardless of theassistive technology being used to access this site or the specific abilities of [&hellip;]<\/p>\n","protected":false},"author":1,"featured_media":0,"parent":0,"menu_order":0,"comment_status":"closed","ping_status":"closed","template":"","meta":{"footnotes":""},"class_list":["post-942","page","type-page","status-publish","hentry"],"yoast_head":"<!-- This site is optimized with the Yoast SEO plugin v27.6 - https:\/\/yoast.com\/product\/yoast-seo-wordpress\/ -->\n<title>Accessibility Statement - Kebek 3 Oceanside Motel | Old Orchard Beach, Maine<\/title>\n<meta name=\"description\" content=\"Accessibility Statement: In our effort to provide a fully accessible and optimized user experience for all site visitors...\" \/>\n<meta name=\"robots\" content=\"index, follow, max-snippet:-1, max-image-preview:large, max-video-preview:-1\" \/>\n<link rel=\"canonical\" href=\"https:\/\/www.kebek3motel.com\/fr\/accessibility-statement\/\" \/>\n<meta property=\"og:locale\" content=\"fr_CA\" \/>\n<meta property=\"og:type\" content=\"article\" \/>\n<meta property=\"og:title\" content=\"Accessibility Statement - Kebek 3 Oceanside Motel | Old Orchard Beach, Maine\" \/>\n<meta property=\"og:description\" content=\"Accessibility Statement: In our effort to provide a fully accessible and optimized user experience for all site visitors...\" \/>\n<meta property=\"og:url\" content=\"https:\/\/www.kebek3motel.com\/fr\/accessibility-statement\/\" \/>\n<meta property=\"og:site_name\" content=\"Kebek 3 Oceanside Motel | Old Orchard Beach, Maine\" \/>\n<meta property=\"article:publisher\" content=\"https:\/\/www.facebook.com\/kebek3motel\/\" \/>\n<meta property=\"article:modified_time\" content=\"2023-10-06T16:16:37+00:00\" \/>\n<meta property=\"og:image\" content=\"https:\/\/customer-portal.audioeye.com\/audioeye-trusted-seal.svg\" \/>\n<meta name=\"twitter:card\" content=\"summary_large_image\" \/>\n<meta name=\"twitter:label1\" content=\"Estimation du temps de lecture\" \/>\n\t<meta name=\"twitter:data1\" content=\"3 minutes\" \/>\n<script type=\"application\/ld+json\" class=\"yoast-schema-graph\">{\"@context\":\"https:\\\/\\\/schema.org\",\"@graph\":[{\"@type\":\"WebPage\",\"@id\":\"https:\\\/\\\/www.kebek3motel.com\\\/accessibility-statement\\\/\",\"url\":\"https:\\\/\\\/www.kebek3motel.com\\\/accessibility-statement\\\/\",\"name\":\"Accessibility Statement - Kebek 3 Oceanside Motel | Old Orchard Beach, Maine\",\"isPartOf\":{\"@id\":\"https:\\\/\\\/www.kebek3motel.com\\\/#website\"},\"primaryImageOfPage\":{\"@id\":\"https:\\\/\\\/www.kebek3motel.com\\\/accessibility-statement\\\/#primaryimage\"},\"image\":{\"@id\":\"https:\\\/\\\/www.kebek3motel.com\\\/accessibility-statement\\\/#primaryimage\"},\"thumbnailUrl\":\"https:\\\/\\\/customer-portal.audioeye.com\\\/audioeye-trusted-seal.svg\",\"datePublished\":\"2021-10-27T17:06:07+00:00\",\"dateModified\":\"2023-10-06T16:16:37+00:00\",\"description\":\"Accessibility Statement: In our effort to provide a fully accessible and optimized user experience for all site visitors...\",\"breadcrumb\":{\"@id\":\"https:\\\/\\\/www.kebek3motel.com\\\/accessibility-statement\\\/#breadcrumb\"},\"inLanguage\":\"fr-CA\",\"potentialAction\":[{\"@type\":\"ReadAction\",\"target\":[\"https:\\\/\\\/www.kebek3motel.com\\\/accessibility-statement\\\/\"]}]},{\"@type\":\"ImageObject\",\"inLanguage\":\"fr-CA\",\"@id\":\"https:\\\/\\\/www.kebek3motel.com\\\/accessibility-statement\\\/#primaryimage\",\"url\":\"https:\\\/\\\/customer-portal.audioeye.com\\\/audioeye-trusted-seal.svg\",\"contentUrl\":\"https:\\\/\\\/customer-portal.audioeye.com\\\/audioeye-trusted-seal.svg\"},{\"@type\":\"BreadcrumbList\",\"@id\":\"https:\\\/\\\/www.kebek3motel.com\\\/accessibility-statement\\\/#breadcrumb\",\"itemListElement\":[{\"@type\":\"ListItem\",\"position\":1,\"name\":\"Home\",\"item\":\"https:\\\/\\\/www.kebek3motel.com\\\/\"},{\"@type\":\"ListItem\",\"position\":2,\"name\":\"Accessibility Statement\"}]},{\"@type\":\"WebSite\",\"@id\":\"https:\\\/\\\/www.kebek3motel.com\\\/#website\",\"url\":\"https:\\\/\\\/www.kebek3motel.com\\\/\",\"name\":\"Kebek 3 Oceanside Motel | Old Orchard Beach, Maine\",\"description\":\"Old Orchard Beach, Maine Oceanfront Lodging\",\"publisher\":{\"@id\":\"https:\\\/\\\/www.kebek3motel.com\\\/#organization\"},\"potentialAction\":[{\"@type\":\"SearchAction\",\"target\":{\"@type\":\"EntryPoint\",\"urlTemplate\":\"https:\\\/\\\/www.kebek3motel.com\\\/?s={search_term_string}\"},\"query-input\":{\"@type\":\"PropertyValueSpecification\",\"valueRequired\":true,\"valueName\":\"search_term_string\"}}],\"inLanguage\":\"fr-CA\"},{\"@type\":\"Organization\",\"@id\":\"https:\\\/\\\/www.kebek3motel.com\\\/#organization\",\"name\":\"KebeK 3 Motel\",\"url\":\"https:\\\/\\\/www.kebek3motel.com\\\/\",\"logo\":{\"@type\":\"ImageObject\",\"inLanguage\":\"fr-CA\",\"@id\":\"https:\\\/\\\/www.kebek3motel.com\\\/#\\\/schema\\\/logo\\\/image\\\/\",\"url\":\"https:\\\/\\\/www.kebek3motel.com\\\/wp-content\\\/uploads\\\/2021\\\/10\\\/KebeK-3-Motel-Logo.png\",\"contentUrl\":\"https:\\\/\\\/www.kebek3motel.com\\\/wp-content\\\/uploads\\\/2021\\\/10\\\/KebeK-3-Motel-Logo.png\",\"width\":801,\"height\":801,\"caption\":\"KebeK 3 Motel\"},\"image\":{\"@id\":\"https:\\\/\\\/www.kebek3motel.com\\\/#\\\/schema\\\/logo\\\/image\\\/\"},\"sameAs\":[\"https:\\\/\\\/www.facebook.com\\\/kebek3motel\\\/\",\"https:\\\/\\\/www.instagram.com\\\/kebek3motel\"]}]}<\/script>\n<!-- \/ Yoast SEO plugin. -->","yoast_head_json":{"title":"D\u00e9claration d'accessibilit\u00e9 - Kebek 3 Oceanside Motel | Old Orchard Beach, Maine","description":"D\u00e9claration d'accessibilit\u00e9 : Dans le cadre de nos efforts pour offrir une exp\u00e9rience utilisateur optimis\u00e9e et totalement accessible \u00e0 tous les visiteurs du site...","robots":{"index":"index","follow":"follow","max-snippet":"max-snippet:-1","max-image-preview":"max-image-preview:large","max-video-preview":"max-video-preview:-1"},"canonical":"https:\/\/www.kebek3motel.com\/fr\/accessibility-statement\/","og_locale":"fr_CA","og_type":"article","og_title":"Accessibility Statement - Kebek 3 Oceanside Motel | Old Orchard Beach, Maine","og_description":"Accessibility Statement: In our effort to provide a fully accessible and optimized user experience for all site visitors...","og_url":"https:\/\/www.kebek3motel.com\/fr\/accessibility-statement\/","og_site_name":"Kebek 3 Oceanside Motel | Old Orchard Beach, Maine","article_publisher":"https:\/\/www.facebook.com\/kebek3motel\/","article_modified_time":"2023-10-06T16:16:37+00:00","og_image":[{"url":"https:\/\/customer-portal.audioeye.com\/audioeye-trusted-seal.svg","type":"","width":"","height":""}],"twitter_card":"summary_large_image","twitter_misc":{"Estimation du temps de lecture":"3 minutes"},"schema":{"@context":"https:\/\/schema.org","@graph":[{"@type":"WebPage","@id":"https:\/\/www.kebek3motel.com\/accessibility-statement\/","url":"https:\/\/www.kebek3motel.com\/accessibility-statement\/","name":"D\u00e9claration d'accessibilit\u00e9 - Kebek 3 Oceanside Motel | Old Orchard Beach, Maine","isPartOf":{"@id":"https:\/\/www.kebek3motel.com\/#website"},"primaryImageOfPage":{"@id":"https:\/\/www.kebek3motel.com\/accessibility-statement\/#primaryimage"},"image":{"@id":"https:\/\/www.kebek3motel.com\/accessibility-statement\/#primaryimage"},"thumbnailUrl":"https:\/\/customer-portal.audioeye.com\/audioeye-trusted-seal.svg","datePublished":"2021-10-27T17:06:07+00:00","dateModified":"2023-10-06T16:16:37+00:00","description":"D\u00e9claration d'accessibilit\u00e9 : Dans le cadre de nos efforts pour offrir une exp\u00e9rience utilisateur optimis\u00e9e et totalement accessible \u00e0 tous les visiteurs du site...","breadcrumb":{"@id":"https:\/\/www.kebek3motel.com\/accessibility-statement\/#breadcrumb"},"inLanguage":"fr-CA","potentialAction":[{"@type":"ReadAction","target":["https:\/\/www.kebek3motel.com\/accessibility-statement\/"]}]},{"@type":"ImageObject","inLanguage":"fr-CA","@id":"https:\/\/www.kebek3motel.com\/accessibility-statement\/#primaryimage","url":"https:\/\/customer-portal.audioeye.com\/audioeye-trusted-seal.svg","contentUrl":"https:\/\/customer-portal.audioeye.com\/audioeye-trusted-seal.svg"},{"@type":"BreadcrumbList","@id":"https:\/\/www.kebek3motel.com\/accessibility-statement\/#breadcrumb","itemListElement":[{"@type":"ListItem","position":1,"name":"Home","item":"https:\/\/www.kebek3motel.com\/"},{"@type":"ListItem","position":2,"name":"Accessibility Statement"}]},{"@type":"WebSite","@id":"https:\/\/www.kebek3motel.com\/#website","url":"https:\/\/www.kebek3motel.com\/","name":"Kebek 3 Oceanside Motel | Old Orchard Beach, Maine","description":"Old Orchard Beach, Maine H\u00e9bergement en bord de mer","publisher":{"@id":"https:\/\/www.kebek3motel.com\/#organization"},"potentialAction":[{"@type":"SearchAction","target":{"@type":"EntryPoint","urlTemplate":"https:\/\/www.kebek3motel.com\/?s={search_term_string}"},"query-input":{"@type":"PropertyValueSpecification","valueRequired":true,"valueName":"search_term_string"}}],"inLanguage":"fr-CA"},{"@type":"Organization","@id":"https:\/\/www.kebek3motel.com\/#organization","name":"KebeK 3 Motel","url":"https:\/\/www.kebek3motel.com\/","logo":{"@type":"ImageObject","inLanguage":"fr-CA","@id":"https:\/\/www.kebek3motel.com\/#\/schema\/logo\/image\/","url":"https:\/\/www.kebek3motel.com\/wp-content\/uploads\/2021\/10\/KebeK-3-Motel-Logo.png","contentUrl":"https:\/\/www.kebek3motel.com\/wp-content\/uploads\/2021\/10\/KebeK-3-Motel-Logo.png","width":801,"height":801,"caption":"KebeK 3 Motel"},"image":{"@id":"https:\/\/www.kebek3motel.com\/#\/schema\/logo\/image\/"},"sameAs":["https:\/\/www.facebook.com\/kebek3motel\/","https:\/\/www.instagram.com\/kebek3motel"]}]}},"_links":{"self":[{"href":"https:\/\/www.kebek3motel.com\/fr\/wp-json\/wp\/v2\/pages\/942","targetHints":{"allow":["GET"]}}],"collection":[{"href":"https:\/\/www.kebek3motel.com\/fr\/wp-json\/wp\/v2\/pages"}],"about":[{"href":"https:\/\/www.kebek3motel.com\/fr\/wp-json\/wp\/v2\/types\/page"}],"author":[{"embeddable":true,"href":"https:\/\/www.kebek3motel.com\/fr\/wp-json\/wp\/v2\/users\/1"}],"replies":[{"embeddable":true,"href":"https:\/\/www.kebek3motel.com\/fr\/wp-json\/wp\/v2\/comments?post=942"}],"version-history":[{"count":2,"href":"https:\/\/www.kebek3motel.com\/fr\/wp-json\/wp\/v2\/pages\/942\/revisions"}],"predecessor-version":[{"id":1398,"href":"https:\/\/www.kebek3motel.com\/fr\/wp-json\/wp\/v2\/pages\/942\/revisions\/1398"}],"wp:attachment":[{"href":"https:\/\/www.kebek3motel.com\/fr\/wp-json\/wp\/v2\/media?parent=942"}],"curies":[{"name":"wp","href":"https:\/\/api.w.org\/{rel}","templated":true}]}}