{"id":756,"date":"2021-10-27T13:42:13","date_gmt":"2021-10-27T13:42:13","guid":{"rendered":"https:\/\/dev.kebek3motel.com\/?page_id=756"},"modified":"2026-01-28T16:13:49","modified_gmt":"2026-01-28T16:13:49","slug":"history","status":"publish","type":"page","link":"https:\/\/www.kebek3motel.com\/fr\/history\/","title":{"rendered":"L'histoire"},"content":{"rendered":"<div data-elementor-type=\"wp-page\" data-elementor-id=\"756\" class=\"elementor elementor-756\" data-elementor-post-type=\"page\">\n\t\t\t\t\t\t<section class=\"elementor-section elementor-top-section elementor-element elementor-element-3c16e83c elementor-section-full_width elementor-section-height-full elementor-section-height-default elementor-section-items-middle\" data-id=\"3c16e83c\" data-element_type=\"section\" data-e-type=\"section\" data-settings=\"{&quot;background_background&quot;:&quot;classic&quot;}\">\n\t\t\t\t\t\t<div class=\"elementor-container elementor-column-gap-default\">\n\t\t\t\t\t<div class=\"elementor-column elementor-col-50 elementor-top-column elementor-element elementor-element-6b0954d2 elementor-invisible\" data-id=\"6b0954d2\" data-element_type=\"column\" data-e-type=\"column\" data-settings=\"{&quot;background_background&quot;:&quot;classic&quot;,&quot;animation&quot;:&quot;fadeIn&quot;}\">\n\t\t\t<div class=\"elementor-widget-wrap elementor-element-populated\">\n\t\t\t\t\t\t<div class=\"elementor-element elementor-element-5cc909d2 elementor-widget elementor-widget-text-editor\" data-id=\"5cc909d2\" data-element_type=\"widget\" data-e-type=\"widget\" data-widget_type=\"text-editor.default\">\n\t\t\t\t<div class=\"elementor-widget-container\">\n\t\t\t\t\t\t\t\t\t<p>Une tradition familiale de vacances \u00e0 la plage...<\/p>\t\t\t\t\t\t\t\t<\/div>\n\t\t\t\t<\/div>\n\t\t\t\t<div class=\"elementor-element elementor-element-8bec383 elementor-widget elementor-widget-heading\" data-id=\"8bec383\" data-element_type=\"widget\" data-e-type=\"widget\" data-widget_type=\"heading.default\">\n\t\t\t\t<div class=\"elementor-widget-container\">\n\t\t\t\t\t<h1 class=\"elementor-heading-title elementor-size-default\">Historique du motel Kebek 3<\/h1>\t\t\t\t<\/div>\n\t\t\t\t<\/div>\n\t\t\t\t<div class=\"elementor-element elementor-element-5da3f6ca elementor-widget-divider--view-line elementor-widget elementor-widget-divider\" data-id=\"5da3f6ca\" data-element_type=\"widget\" data-e-type=\"widget\" data-widget_type=\"divider.default\">\n\t\t\t\t<div class=\"elementor-widget-container\">\n\t\t\t\t\t\t\t<div class=\"elementor-divider\">\n\t\t\t<span class=\"elementor-divider-separator\">\n\t\t\t\t\t\t<\/span>\n\t\t<\/div>\n\t\t\t\t\t\t<\/div>\n\t\t\t\t<\/div>\n\t\t\t\t<div class=\"elementor-element elementor-element-8b56c94 elementor-widget elementor-widget-text-editor\" data-id=\"8b56c94\" data-element_type=\"widget\" data-e-type=\"widget\" data-widget_type=\"text-editor.default\">\n\t\t\t\t<div class=\"elementor-widget-container\">\n\t\t\t\t\t\t\t\t\t<p>Le Kebek 3 Motel est une destination favorite en bord de mer depuis des d\u00e9cennies. Les h\u00f4tels Lafayette sont fiers de continuer \u00e0 accueillir leurs clients saison apr\u00e8s saison.<\/p>\t\t\t\t\t\t\t\t<\/div>\n\t\t\t\t<\/div>\n\t\t\t\t\t<\/div>\n\t\t<\/div>\n\t\t\t\t<div class=\"elementor-column elementor-col-50 elementor-top-column elementor-element elementor-element-66a195b4\" data-id=\"66a195b4\" data-element_type=\"column\" data-e-type=\"column\">\n\t\t\t<div class=\"elementor-widget-wrap\">\n\t\t\t\t\t\t\t<\/div>\n\t\t<\/div>\n\t\t\t\t\t<\/div>\n\t\t<\/section>\n\t\t\t\t<section class=\"elementor-section elementor-top-section elementor-element elementor-element-37fca20b elementor-section-full_width elementor-section-height-min-height elementor-section-height-default elementor-section-items-middle\" data-id=\"37fca20b\" data-element_type=\"section\" data-e-type=\"section\" id=\"oceanfront-studios\" data-settings=\"{&quot;background_background&quot;:&quot;classic&quot;}\">\n\t\t\t\t\t\t<div class=\"elementor-container elementor-column-gap-default\">\n\t\t\t\t\t<div class=\"elementor-column elementor-col-50 elementor-top-column elementor-element elementor-element-1411e65c elementor-invisible\" data-id=\"1411e65c\" data-element_type=\"column\" data-e-type=\"column\" data-settings=\"{&quot;animation&quot;:&quot;fadeInUp&quot;}\">\n\t\t\t<div class=\"elementor-widget-wrap elementor-element-populated\">\n\t\t\t\t\t\t<div class=\"elementor-element elementor-element-4978eccf elementor-widget elementor-widget-heading\" data-id=\"4978eccf\" data-element_type=\"widget\" data-e-type=\"widget\" data-widget_type=\"heading.default\">\n\t\t\t\t<div class=\"elementor-widget-container\">\n\t\t\t\t\t<h2 class=\"elementor-heading-title elementor-size-default\">Bienvenue \u00e0 KebeK 3<\/h2>\t\t\t\t<\/div>\n\t\t\t\t<\/div>\n\t\t\t\t<div class=\"elementor-element elementor-element-0ce4012 elementor-align-center elementor-widget elementor-widget-global elementor-global-1293 elementor-widget-button\" data-id=\"0ce4012\" data-element_type=\"widget\" data-e-type=\"widget\" data-widget_type=\"button.default\">\n\t\t\t\t<div class=\"elementor-widget-container\">\n\t\t\t\t\t\t\t\t\t<div class=\"elementor-button-wrapper\">\n\t\t\t\t\t<a class=\"elementor-button elementor-button-link elementor-size-sm elementor-animation-shrink\" href=\"https:\/\/ibe13.rmscloud.com\/12972\/90\" target=\"_blank\" alt=\"KebeK 3 Motel Book Now\" rel=\"noopener\">\n\t\t\t\t\t\t<span class=\"elementor-button-content-wrapper\">\n\t\t\t\t\t\t\t\t\t<span class=\"elementor-button-text\">R\u00c9SERVEZ MAINTENANT<\/span>\n\t\t\t\t\t<\/span>\n\t\t\t\t\t<\/a>\n\t\t\t\t<\/div>\n\t\t\t\t\t\t\t\t<\/div>\n\t\t\t\t<\/div>\n\t\t\t\t\t<\/div>\n\t\t<\/div>\n\t\t\t\t<div class=\"elementor-column elementor-col-50 elementor-top-column elementor-element elementor-element-6f06deb2 elementor-invisible\" data-id=\"6f06deb2\" data-element_type=\"column\" data-e-type=\"column\" data-settings=\"{&quot;animation&quot;:&quot;fadeInUp&quot;}\">\n\t\t\t<div class=\"elementor-widget-wrap elementor-element-populated\">\n\t\t\t\t\t\t<div class=\"elementor-element elementor-element-74a9da2e elementor-widget elementor-widget-heading\" data-id=\"74a9da2e\" data-element_type=\"widget\" data-e-type=\"widget\" data-widget_type=\"heading.default\">\n\t\t\t\t<div class=\"elementor-widget-container\">\n\t\t\t\t\t<h2 class=\"elementor-heading-title elementor-size-default\">PLUSIEURS G\u00c9N\u00c9RATIONS D'EXP\u00c9RIENCE DANS LE DOMAINE DE L'H\u00d4TELLERIE ET DE LA RESTAURATION...<\/h2>\t\t\t\t<\/div>\n\t\t\t\t<\/div>\n\t\t\t\t<div class=\"elementor-element elementor-element-628665c1 elementor-widget elementor-widget-text-editor\" data-id=\"628665c1\" data-element_type=\"widget\" data-e-type=\"widget\" data-widget_type=\"text-editor.default\">\n\t\t\t\t<div class=\"elementor-widget-container\">\n\t\t\t\t\t\t\t\t\t<p>Le KebeK 3 Motel a ouvert ses portes pour la premi\u00e8re fois en 1979 et accueille depuis lors des familles qui profitent d'un acc\u00e8s \u00e0 sept miles de plages de sable immacul\u00e9. La propri\u00e9t\u00e9 est d\u00e9tenue et g\u00e9r\u00e9e par des entreprises familiales depuis des d\u00e9cennies. Le personnel des h\u00f4tels Lafayette a pour priorit\u00e9 de faire vivre \u00e0 ses clients une exp\u00e9rience m\u00e9morable.<\/p>\t\t\t\t\t\t\t\t<\/div>\n\t\t\t\t<\/div>\n\t\t\t\t\t<\/div>\n\t\t<\/div>\n\t\t\t\t\t<\/div>\n\t\t<\/section>\n\t\t\t\t<section class=\"elementor-section elementor-top-section elementor-element elementor-element-11de1f2e elementor-section-content-middle elementor-reverse-mobile elementor-section-boxed elementor-section-height-default elementor-section-height-default\" data-id=\"11de1f2e\" data-element_type=\"section\" data-e-type=\"section\">\n\t\t\t\t\t\t<div class=\"elementor-container elementor-column-gap-no\">\n\t\t\t\t\t<div class=\"elementor-column elementor-col-50 elementor-top-column elementor-element elementor-element-62d96404\" data-id=\"62d96404\" data-element_type=\"column\" data-e-type=\"column\">\n\t\t\t<div class=\"elementor-widget-wrap elementor-element-populated\">\n\t\t\t\t\t\t<div class=\"elementor-element elementor-element-50ed0b3b elementor-widget elementor-widget-image\" data-id=\"50ed0b3b\" data-element_type=\"widget\" data-e-type=\"widget\" data-widget_type=\"image.default\">\n\t\t\t\t<div class=\"elementor-widget-container\">\n\t\t\t\t\t\t\t\t\t\t\t\t\t\t\t<img fetchpriority=\"high\" decoding=\"async\" width=\"2560\" height=\"1707\" src=\"https:\/\/www.kebek3motel.com\/wp-content\/uploads\/2025\/05\/K3_Oceanfront_King_Room61-3-scaled.jpg\" class=\"attachment-full size-full wp-image-1941\" alt=\"oceanfront king room\" srcset=\"https:\/\/www.kebek3motel.com\/wp-content\/uploads\/2025\/05\/K3_Oceanfront_King_Room61-3-scaled.jpg 2560w, https:\/\/www.kebek3motel.com\/wp-content\/uploads\/2025\/05\/K3_Oceanfront_King_Room61-3-300x200.jpg 300w, https:\/\/www.kebek3motel.com\/wp-content\/uploads\/2025\/05\/K3_Oceanfront_King_Room61-3-1024x683.jpg 1024w, https:\/\/www.kebek3motel.com\/wp-content\/uploads\/2025\/05\/K3_Oceanfront_King_Room61-3-768x512.jpg 768w, https:\/\/www.kebek3motel.com\/wp-content\/uploads\/2025\/05\/K3_Oceanfront_King_Room61-3-1536x1024.jpg 1536w, https:\/\/www.kebek3motel.com\/wp-content\/uploads\/2025\/05\/K3_Oceanfront_King_Room61-3-2048x1365.jpg 2048w, https:\/\/www.kebek3motel.com\/wp-content\/uploads\/2025\/05\/K3_Oceanfront_King_Room61-3-18x12.jpg 18w\" sizes=\"(max-width: 2560px) 100vw, 2560px\" \/>\t\t\t\t\t\t\t\t\t\t\t\t\t\t\t<\/div>\n\t\t\t\t<\/div>\n\t\t\t\t\t<\/div>\n\t\t<\/div>\n\t\t\t\t<div class=\"elementor-column elementor-col-50 elementor-top-column elementor-element elementor-element-a0111fb\" data-id=\"a0111fb\" data-element_type=\"column\" data-e-type=\"column\">\n\t\t\t<div class=\"elementor-widget-wrap elementor-element-populated\">\n\t\t\t\t\t\t<div class=\"elementor-element elementor-element-354c49bb elementor-widget elementor-widget-heading\" data-id=\"354c49bb\" data-element_type=\"widget\" data-e-type=\"widget\" data-widget_type=\"heading.default\">\n\t\t\t\t<div class=\"elementor-widget-container\">\n\t\t\t\t\t<h2 class=\"elementor-heading-title elementor-size-default\">Histoire du motel Kebek 3<\/h2>\t\t\t\t<\/div>\n\t\t\t\t<\/div>\n\t\t\t\t<div class=\"elementor-element elementor-element-6f20ce44 elementor-widget elementor-widget-text-editor\" data-id=\"6f20ce44\" data-element_type=\"widget\" data-e-type=\"widget\" data-widget_type=\"text-editor.default\">\n\t\t\t\t<div class=\"elementor-widget-container\">\n\t\t\t\t\t\t\t\t\t<p>Le KebeK 3 Motel a \u00e9t\u00e9 fond\u00e9 par la famille Beaulieu. Les Beaulieu sont originaires de Sillery, au Qu\u00e9bec. Comme beaucoup d'autres Canadiens, Old Orchard Beach \u00e9tait l'une des destinations de vacances pr\u00e9f\u00e9r\u00e9es des Beaulieu.<\/p><p>Les Beaulieu ont achet\u00e9 leur premier motel \u00e0 Old Orchard Beach en 1966. Le Kebek 1 a ouvert ses portes en 1969 et deux ans plus tard, ils ont construit le KebeK 2 sur un terrain voisin en bord de mer. Pendant les onze ann\u00e9es qui ont suivi, de nombreuses familles ont visit\u00e9 les KebeK 1 et 2, inaugurant ainsi de nombreuses traditions de vacances \u00e0 Old Orchard Beach.<\/p><p>En 1978, la partie oc\u00e9anique du KebeK 3 a \u00e9t\u00e9 construite, et la partie des suites a \u00e9t\u00e9 achev\u00e9e en 1979. La plupart des enfants de Beaulieu travaillent dans les entreprises pendant les vacances d'\u00e9t\u00e9.<\/p><p>Le Kebek 3 est rest\u00e9 dans la famille Beaulieu pendant des d\u00e9cennies. En 2020, les H\u00f4tels Lafayette, une autre entreprise familiale, ont achet\u00e9 le Kebek 3. Les H\u00f4tels Lafayette sont ravis de perp\u00e9tuer la tradition des vacances \u00e0 Old Orchard Beach au Kebek 3 et pr\u00e9voient de continuer \u00e0 accueillir des clients pour les g\u00e9n\u00e9rations \u00e0 venir.<\/p>\t\t\t\t\t\t\t\t<\/div>\n\t\t\t\t<\/div>\n\t\t\t\t\t<\/div>\n\t\t<\/div>\n\t\t\t\t\t<\/div>\n\t\t<\/section>\n\t\t\t\t<section class=\"elementor-section elementor-top-section elementor-element elementor-element-dd4ce68 elementor-section-full_width elementor-section-height-min-height elementor-section-height-default elementor-section-items-middle\" data-id=\"dd4ce68\" data-element_type=\"section\" data-e-type=\"section\" data-settings=\"{&quot;background_background&quot;:&quot;classic&quot;,&quot;shape_divider_top&quot;:&quot;waves&quot;}\">\n\t\t\t\t\t<div class=\"elementor-shape elementor-shape-top\" aria-hidden=\"true\" data-negative=\"false\">\n\t\t\t<svg xmlns=\"http:\/\/www.w3.org\/2000\/svg\" viewbox=\"0 0 1000 100\" preserveaspectratio=\"none\">\n\t<path class=\"elementor-shape-fill\" d=\"M421.9,6.5c22.6-2.5,51.5,0.4,75.5,5.3c23.6,4.9,70.9,23.5,100.5,35.7c75.8,32.2,133.7,44.5,192.6,49.7\tc23.6,2.1,48.7,3.5,103.4-2.5c54.7-6,106.2-25.6,106.2-25.6V0H0v30.3c0,0,72,32.6,158.4,30.5c39.2-0.7,92.8-6.7,134-22.4\tc21.2-8.1,52.2-18.2,79.7-24.2C399.3,7.9,411.6,7.5,421.9,6.5z\"\/>\n<\/svg>\t\t<\/div>\n\t\t\t\t\t<div class=\"elementor-container elementor-column-gap-default\">\n\t\t\t\t\t<div class=\"elementor-column elementor-col-50 elementor-top-column elementor-element elementor-element-1ab62cb elementor-invisible\" data-id=\"1ab62cb\" data-element_type=\"column\" data-e-type=\"column\" data-settings=\"{&quot;animation&quot;:&quot;fadeInUp&quot;}\">\n\t\t\t<div class=\"elementor-widget-wrap elementor-element-populated\">\n\t\t\t\t\t\t<div class=\"elementor-element elementor-element-8dba4c9 elementor-widget elementor-widget-heading\" data-id=\"8dba4c9\" data-element_type=\"widget\" data-e-type=\"widget\" data-widget_type=\"heading.default\">\n\t\t\t\t<div class=\"elementor-widget-container\">\n\t\t\t\t\t<h2 class=\"elementor-heading-title elementor-size-default\">Lafayette H\u00f4tels<\/h2>\t\t\t\t<\/div>\n\t\t\t\t<\/div>\n\t\t\t\t<div class=\"elementor-element elementor-element-e11e98e elementor-align-center elementor-widget elementor-widget-button\" data-id=\"e11e98e\" data-element_type=\"widget\" data-e-type=\"widget\" data-widget_type=\"button.default\">\n\t\t\t\t<div class=\"elementor-widget-container\">\n\t\t\t\t\t\t\t\t\t<div class=\"elementor-button-wrapper\">\n\t\t\t\t\t<a class=\"elementor-button elementor-button-link elementor-size-sm elementor-animation-shrink\" href=\"https:\/\/www.visitlafayettehotels.com\" target=\"_blank\" alt=\"Lafayette Hotels\" rel=\"noopener\">\n\t\t\t\t\t\t<span class=\"elementor-button-content-wrapper\">\n\t\t\t\t\t\t\t\t\t<span class=\"elementor-button-text\">Explorer d'autres propri\u00e9t\u00e9s<\/span>\n\t\t\t\t\t<\/span>\n\t\t\t\t\t<\/a>\n\t\t\t\t<\/div>\n\t\t\t\t\t\t\t\t<\/div>\n\t\t\t\t<\/div>\n\t\t\t\t\t<\/div>\n\t\t<\/div>\n\t\t\t\t<div class=\"elementor-column elementor-col-50 elementor-top-column elementor-element elementor-element-a46f239 elementor-invisible\" data-id=\"a46f239\" data-element_type=\"column\" data-e-type=\"column\" data-settings=\"{&quot;animation&quot;:&quot;fadeInUp&quot;}\">\n\t\t\t<div class=\"elementor-widget-wrap elementor-element-populated\">\n\t\t\t\t\t\t<div class=\"elementor-element elementor-element-7245b46 elementor-widget elementor-widget-heading\" data-id=\"7245b46\" data-element_type=\"widget\" data-e-type=\"widget\" data-widget_type=\"heading.default\">\n\t\t\t\t<div class=\"elementor-widget-container\">\n\t\t\t\t\t<h2 class=\"elementor-heading-title elementor-size-default\">PROFITEZ DU MEILLEUR DU MAINE ET DU NEW HAMPSHIRE...<\/h2>\t\t\t\t<\/div>\n\t\t\t\t<\/div>\n\t\t\t\t<div class=\"elementor-element elementor-element-2959dbf elementor-widget elementor-widget-text-editor\" data-id=\"2959dbf\" data-element_type=\"widget\" data-e-type=\"widget\" data-widget_type=\"text-editor.default\">\n\t\t\t\t<div class=\"elementor-widget-container\">\n\t\t\t\t\t\t\t\t\t<p>Lafayette Hotels est une collection de 30 h\u00f4tels familiaux r\u00e9partis dans le Maine et le New Hampshire. Des \u00e9tablissements pour se r\u00e9unir, se d\u00e9tendre et passer du bon temps partout o\u00f9 l'on souhaite se rendre.<\/p><p>Du parc national d'Acadia dans le Maine aux montagnes blanches du New Hampshire... Les h\u00f4tels Lafayette disposent d'emplacements de choix pour votre prochaine aventure.<\/p>\t\t\t\t\t\t\t\t<\/div>\n\t\t\t\t<\/div>\n\t\t\t\t\t<\/div>\n\t\t<\/div>\n\t\t\t\t\t<\/div>\n\t\t<\/section>\n\t\t\t\t<\/div>","protected":false},"excerpt":{"rendered":"<p>A Family Beach Vacation Tradition&#8230; Kebek 3 Motel History Kebek 3 Motel has been an oceanfront destination favorite for decades. Lafayette Hotels is proud to continue welcoming guests season after season. Welcome to KebeK 3 BOOK NOW GENERATIONS OF EXPERIENCE IN HOSPITALITY&#8230; The KebeK 3 Motel first opened in 1979 and has been welcoming families [&hellip;]<\/p>\n","protected":false},"author":1,"featured_media":722,"parent":0,"menu_order":0,"comment_status":"closed","ping_status":"closed","template":"elementor_header_footer","meta":{"footnotes":""},"class_list":["post-756","page","type-page","status-publish","has-post-thumbnail","hentry"],"yoast_head":"<!-- This site is optimized with the Yoast SEO plugin v27.5 - https:\/\/yoast.com\/product\/yoast-seo-wordpress\/ -->\n<title>History - Kebek 3 Oceanside Motel | Old Orchard Beach, Maine Old Orchard Beach, Maine<\/title>\n<meta name=\"description\" content=\"Read about Kebek 3 history, started by the Beaulieu Family in the 1970&#039;s and is now owned and managed by Lafayette Hotels.\" \/>\n<meta name=\"robots\" content=\"index, follow, max-snippet:-1, max-image-preview:large, max-video-preview:-1\" \/>\n<link rel=\"canonical\" href=\"https:\/\/www.kebek3motel.com\/fr\/history\/\" \/>\n<meta property=\"og:locale\" content=\"fr_CA\" \/>\n<meta property=\"og:type\" content=\"article\" \/>\n<meta property=\"og:title\" content=\"History - Kebek 3 Oceanside Motel | Old Orchard Beach, Maine Old Orchard Beach, Maine\" \/>\n<meta property=\"og:description\" content=\"Read about Kebek 3 history, started by the Beaulieu Family in the 1970&#039;s and is now owned and managed by Lafayette Hotels.\" \/>\n<meta property=\"og:url\" content=\"https:\/\/www.kebek3motel.com\/fr\/history\/\" \/>\n<meta property=\"og:site_name\" content=\"Kebek 3 Oceanside Motel | Old Orchard Beach, Maine\" \/>\n<meta property=\"article:publisher\" content=\"https:\/\/www.facebook.com\/kebek3motel\/\" \/>\n<meta property=\"article:modified_time\" content=\"2026-01-28T16:13:49+00:00\" \/>\n<meta property=\"og:image\" content=\"https:\/\/www.kebek3motel.com\/wp-content\/uploads\/2021\/10\/Pic-2.jpg\" \/>\n\t<meta property=\"og:image:width\" content=\"1800\" \/>\n\t<meta property=\"og:image:height\" content=\"1012\" \/>\n\t<meta property=\"og:image:type\" content=\"image\/jpeg\" \/>\n<meta name=\"twitter:card\" content=\"summary_large_image\" \/>\n<meta name=\"twitter:label1\" content=\"Estimation du temps de lecture\" \/>\n\t<meta name=\"twitter:data1\" content=\"2 minutes\" \/>\n<script type=\"application\/ld+json\" class=\"yoast-schema-graph\">{\"@context\":\"https:\\\/\\\/schema.org\",\"@graph\":[{\"@type\":\"WebPage\",\"@id\":\"https:\\\/\\\/www.kebek3motel.com\\\/history\\\/\",\"url\":\"https:\\\/\\\/www.kebek3motel.com\\\/history\\\/\",\"name\":\"History - Kebek 3 Oceanside Motel | Old Orchard Beach, Maine Old Orchard Beach, Maine\",\"isPartOf\":{\"@id\":\"https:\\\/\\\/www.kebek3motel.com\\\/#website\"},\"primaryImageOfPage\":{\"@id\":\"https:\\\/\\\/www.kebek3motel.com\\\/history\\\/#primaryimage\"},\"image\":{\"@id\":\"https:\\\/\\\/www.kebek3motel.com\\\/history\\\/#primaryimage\"},\"thumbnailUrl\":\"https:\\\/\\\/www.kebek3motel.com\\\/wp-content\\\/uploads\\\/2021\\\/10\\\/Pic-2.jpg\",\"datePublished\":\"2021-10-27T13:42:13+00:00\",\"dateModified\":\"2026-01-28T16:13:49+00:00\",\"description\":\"Read about Kebek 3 history, started by the Beaulieu Family in the 1970's and is now owned and managed by Lafayette Hotels.\",\"breadcrumb\":{\"@id\":\"https:\\\/\\\/www.kebek3motel.com\\\/history\\\/#breadcrumb\"},\"inLanguage\":\"fr-CA\",\"potentialAction\":[{\"@type\":\"ReadAction\",\"target\":[\"https:\\\/\\\/www.kebek3motel.com\\\/history\\\/\"]}]},{\"@type\":\"ImageObject\",\"inLanguage\":\"fr-CA\",\"@id\":\"https:\\\/\\\/www.kebek3motel.com\\\/history\\\/#primaryimage\",\"url\":\"https:\\\/\\\/www.kebek3motel.com\\\/wp-content\\\/uploads\\\/2021\\\/10\\\/Pic-2.jpg\",\"contentUrl\":\"https:\\\/\\\/www.kebek3motel.com\\\/wp-content\\\/uploads\\\/2021\\\/10\\\/Pic-2.jpg\",\"width\":1800,\"height\":1012,\"caption\":\"history kebek 3 motel aerial view\"},{\"@type\":\"BreadcrumbList\",\"@id\":\"https:\\\/\\\/www.kebek3motel.com\\\/history\\\/#breadcrumb\",\"itemListElement\":[{\"@type\":\"ListItem\",\"position\":1,\"name\":\"Home\",\"item\":\"https:\\\/\\\/www.kebek3motel.com\\\/\"},{\"@type\":\"ListItem\",\"position\":2,\"name\":\"History\"}]},{\"@type\":\"WebSite\",\"@id\":\"https:\\\/\\\/www.kebek3motel.com\\\/#website\",\"url\":\"https:\\\/\\\/www.kebek3motel.com\\\/\",\"name\":\"Kebek 3 Oceanside Motel | Old Orchard Beach, Maine\",\"description\":\"Old Orchard Beach, Maine Oceanfront Lodging\",\"publisher\":{\"@id\":\"https:\\\/\\\/www.kebek3motel.com\\\/#organization\"},\"potentialAction\":[{\"@type\":\"SearchAction\",\"target\":{\"@type\":\"EntryPoint\",\"urlTemplate\":\"https:\\\/\\\/www.kebek3motel.com\\\/?s={search_term_string}\"},\"query-input\":{\"@type\":\"PropertyValueSpecification\",\"valueRequired\":true,\"valueName\":\"search_term_string\"}}],\"inLanguage\":\"fr-CA\"},{\"@type\":\"Organization\",\"@id\":\"https:\\\/\\\/www.kebek3motel.com\\\/#organization\",\"name\":\"KebeK 3 Motel\",\"url\":\"https:\\\/\\\/www.kebek3motel.com\\\/\",\"logo\":{\"@type\":\"ImageObject\",\"inLanguage\":\"fr-CA\",\"@id\":\"https:\\\/\\\/www.kebek3motel.com\\\/#\\\/schema\\\/logo\\\/image\\\/\",\"url\":\"https:\\\/\\\/www.kebek3motel.com\\\/wp-content\\\/uploads\\\/2021\\\/10\\\/KebeK-3-Motel-Logo.png\",\"contentUrl\":\"https:\\\/\\\/www.kebek3motel.com\\\/wp-content\\\/uploads\\\/2021\\\/10\\\/KebeK-3-Motel-Logo.png\",\"width\":801,\"height\":801,\"caption\":\"KebeK 3 Motel\"},\"image\":{\"@id\":\"https:\\\/\\\/www.kebek3motel.com\\\/#\\\/schema\\\/logo\\\/image\\\/\"},\"sameAs\":[\"https:\\\/\\\/www.facebook.com\\\/kebek3motel\\\/\",\"https:\\\/\\\/www.instagram.com\\\/kebek3motel\"]}]}<\/script>\n<!-- \/ Yoast SEO plugin. -->","yoast_head_json":{"title":"Histoire - Kebek 3 Oceanside Motel | Old Orchard Beach, Maine Old Orchard Beach, Maine","description":"D\u00e9couvrez l'histoire de Kebek 3, cr\u00e9\u00e9 par la famille Beaulieu dans les ann\u00e9es 1970 et aujourd'hui d\u00e9tenu et g\u00e9r\u00e9 par les h\u00f4tels Lafayette.","robots":{"index":"index","follow":"follow","max-snippet":"max-snippet:-1","max-image-preview":"max-image-preview:large","max-video-preview":"max-video-preview:-1"},"canonical":"https:\/\/www.kebek3motel.com\/fr\/history\/","og_locale":"fr_CA","og_type":"article","og_title":"History - Kebek 3 Oceanside Motel | Old Orchard Beach, Maine Old Orchard Beach, Maine","og_description":"Read about Kebek 3 history, started by the Beaulieu Family in the 1970's and is now owned and managed by Lafayette Hotels.","og_url":"https:\/\/www.kebek3motel.com\/fr\/history\/","og_site_name":"Kebek 3 Oceanside Motel | Old Orchard Beach, Maine","article_publisher":"https:\/\/www.facebook.com\/kebek3motel\/","article_modified_time":"2026-01-28T16:13:49+00:00","og_image":[{"width":1800,"height":1012,"url":"https:\/\/www.kebek3motel.com\/wp-content\/uploads\/2021\/10\/Pic-2.jpg","type":"image\/jpeg"}],"twitter_card":"summary_large_image","twitter_misc":{"Estimation du temps de lecture":"2 minutes"},"schema":{"@context":"https:\/\/schema.org","@graph":[{"@type":"WebPage","@id":"https:\/\/www.kebek3motel.com\/history\/","url":"https:\/\/www.kebek3motel.com\/history\/","name":"Histoire - Kebek 3 Oceanside Motel | Old Orchard Beach, Maine Old Orchard Beach, Maine","isPartOf":{"@id":"https:\/\/www.kebek3motel.com\/#website"},"primaryImageOfPage":{"@id":"https:\/\/www.kebek3motel.com\/history\/#primaryimage"},"image":{"@id":"https:\/\/www.kebek3motel.com\/history\/#primaryimage"},"thumbnailUrl":"https:\/\/www.kebek3motel.com\/wp-content\/uploads\/2021\/10\/Pic-2.jpg","datePublished":"2021-10-27T13:42:13+00:00","dateModified":"2026-01-28T16:13:49+00:00","description":"D\u00e9couvrez l'histoire de Kebek 3, cr\u00e9\u00e9 par la famille Beaulieu dans les ann\u00e9es 1970 et aujourd'hui d\u00e9tenu et g\u00e9r\u00e9 par les h\u00f4tels Lafayette.","breadcrumb":{"@id":"https:\/\/www.kebek3motel.com\/history\/#breadcrumb"},"inLanguage":"fr-CA","potentialAction":[{"@type":"ReadAction","target":["https:\/\/www.kebek3motel.com\/history\/"]}]},{"@type":"ImageObject","inLanguage":"fr-CA","@id":"https:\/\/www.kebek3motel.com\/history\/#primaryimage","url":"https:\/\/www.kebek3motel.com\/wp-content\/uploads\/2021\/10\/Pic-2.jpg","contentUrl":"https:\/\/www.kebek3motel.com\/wp-content\/uploads\/2021\/10\/Pic-2.jpg","width":1800,"height":1012,"caption":"history kebek 3 motel aerial view"},{"@type":"BreadcrumbList","@id":"https:\/\/www.kebek3motel.com\/history\/#breadcrumb","itemListElement":[{"@type":"ListItem","position":1,"name":"Home","item":"https:\/\/www.kebek3motel.com\/"},{"@type":"ListItem","position":2,"name":"History"}]},{"@type":"WebSite","@id":"https:\/\/www.kebek3motel.com\/#website","url":"https:\/\/www.kebek3motel.com\/","name":"Kebek 3 Oceanside Motel | Old Orchard Beach, Maine","description":"Old Orchard Beach, Maine H\u00e9bergement en bord de mer","publisher":{"@id":"https:\/\/www.kebek3motel.com\/#organization"},"potentialAction":[{"@type":"SearchAction","target":{"@type":"EntryPoint","urlTemplate":"https:\/\/www.kebek3motel.com\/?s={search_term_string}"},"query-input":{"@type":"PropertyValueSpecification","valueRequired":true,"valueName":"search_term_string"}}],"inLanguage":"fr-CA"},{"@type":"Organization","@id":"https:\/\/www.kebek3motel.com\/#organization","name":"KebeK 3 Motel","url":"https:\/\/www.kebek3motel.com\/","logo":{"@type":"ImageObject","inLanguage":"fr-CA","@id":"https:\/\/www.kebek3motel.com\/#\/schema\/logo\/image\/","url":"https:\/\/www.kebek3motel.com\/wp-content\/uploads\/2021\/10\/KebeK-3-Motel-Logo.png","contentUrl":"https:\/\/www.kebek3motel.com\/wp-content\/uploads\/2021\/10\/KebeK-3-Motel-Logo.png","width":801,"height":801,"caption":"KebeK 3 Motel"},"image":{"@id":"https:\/\/www.kebek3motel.com\/#\/schema\/logo\/image\/"},"sameAs":["https:\/\/www.facebook.com\/kebek3motel\/","https:\/\/www.instagram.com\/kebek3motel"]}]}},"_links":{"self":[{"href":"https:\/\/www.kebek3motel.com\/fr\/wp-json\/wp\/v2\/pages\/756","targetHints":{"allow":["GET"]}}],"collection":[{"href":"https:\/\/www.kebek3motel.com\/fr\/wp-json\/wp\/v2\/pages"}],"about":[{"href":"https:\/\/www.kebek3motel.com\/fr\/wp-json\/wp\/v2\/types\/page"}],"author":[{"embeddable":true,"href":"https:\/\/www.kebek3motel.com\/fr\/wp-json\/wp\/v2\/users\/1"}],"replies":[{"embeddable":true,"href":"https:\/\/www.kebek3motel.com\/fr\/wp-json\/wp\/v2\/comments?post=756"}],"version-history":[{"count":58,"href":"https:\/\/www.kebek3motel.com\/fr\/wp-json\/wp\/v2\/pages\/756\/revisions"}],"predecessor-version":[{"id":2196,"href":"https:\/\/www.kebek3motel.com\/fr\/wp-json\/wp\/v2\/pages\/756\/revisions\/2196"}],"wp:featuredmedia":[{"embeddable":true,"href":"https:\/\/www.kebek3motel.com\/fr\/wp-json\/wp\/v2\/media\/722"}],"wp:attachment":[{"href":"https:\/\/www.kebek3motel.com\/fr\/wp-json\/wp\/v2\/media?parent=756"}],"curies":[{"name":"wp","href":"https:\/\/api.w.org\/{rel}","templated":true}]}}