{"id":2158,"date":"2026-01-26T22:58:43","date_gmt":"2026-01-26T22:58:43","guid":{"rendered":"https:\/\/www.kebek3motel.com\/?page_id=2158"},"modified":"2026-01-26T23:11:23","modified_gmt":"2026-01-26T23:11:23","slug":"special-offers","status":"publish","type":"page","link":"https:\/\/www.kebek3motel.com\/fr\/special-offers\/","title":{"rendered":"Offres sp\u00e9ciales"},"content":{"rendered":"<div data-elementor-type=\"wp-page\" data-elementor-id=\"2158\" class=\"elementor elementor-2158\" data-elementor-post-type=\"page\">\n\t\t\t\t\t\t<section class=\"elementor-section elementor-top-section elementor-element elementor-element-3a0c9e3 elementor-section-height-min-height elementor-section-boxed elementor-section-height-default elementor-section-items-middle\" data-id=\"3a0c9e3\" data-element_type=\"section\" data-e-type=\"section\" data-settings=\"{&quot;background_background&quot;:&quot;classic&quot;}\">\n\t\t\t\t\t\t<div class=\"elementor-container elementor-column-gap-default\">\n\t\t\t\t\t<div class=\"elementor-column elementor-col-100 elementor-top-column elementor-element elementor-element-7c7ec18\" data-id=\"7c7ec18\" data-element_type=\"column\" data-e-type=\"column\" data-settings=\"{&quot;background_background&quot;:&quot;classic&quot;}\">\n\t\t\t<div class=\"elementor-widget-wrap\">\n\t\t\t\t\t\t\t<\/div>\n\t\t<\/div>\n\t\t\t\t\t<\/div>\n\t\t<\/section>\n\t\t\t\t<section class=\"elementor-section elementor-top-section elementor-element elementor-element-c07b5c5 elementor-section-boxed elementor-section-height-default elementor-section-height-default\" data-id=\"c07b5c5\" data-element_type=\"section\" data-e-type=\"section\">\n\t\t\t\t\t\t<div class=\"elementor-container elementor-column-gap-default\">\n\t\t\t\t\t<div class=\"elementor-column elementor-col-100 elementor-top-column elementor-element elementor-element-7e7698d\" data-id=\"7e7698d\" data-element_type=\"column\" data-e-type=\"column\">\n\t\t\t<div class=\"elementor-widget-wrap elementor-element-populated\">\n\t\t\t\t\t\t<div class=\"elementor-element elementor-element-6906f31 elementor-widget elementor-widget-heading\" data-id=\"6906f31\" data-element_type=\"widget\" data-e-type=\"widget\" data-widget_type=\"heading.default\">\n\t\t\t\t<div class=\"elementor-widget-container\">\n\t\t\t\t\t<h1 class=\"elementor-heading-title elementor-size-default\">Offres sp\u00e9ciales<\/h1>\t\t\t\t<\/div>\n\t\t\t\t<\/div>\n\t\t\t\t\t<\/div>\n\t\t<\/div>\n\t\t\t\t\t<\/div>\n\t\t<\/section>\n\t\t\t\t<section class=\"elementor-section elementor-top-section elementor-element elementor-element-41a632e elementor-section-boxed elementor-section-height-default elementor-section-height-default\" data-id=\"41a632e\" data-element_type=\"section\" data-e-type=\"section\" data-settings=\"{&quot;background_background&quot;:&quot;classic&quot;,&quot;shape_divider_bottom&quot;:&quot;wave-brush&quot;}\">\n\t\t\t\t\t<div class=\"elementor-shape elementor-shape-bottom\" aria-hidden=\"true\" data-negative=\"false\">\n\t\t\t<svg xmlns=\"http:\/\/www.w3.org\/2000\/svg\" viewbox=\"0 0 283.5 27.8\" preserveaspectratio=\"none\">\n\t<path class=\"elementor-shape-fill\" d=\"M283.5,9.7c0,0-7.3,4.3-14,4.6c-6.8,0.3-12.6,0-20.9-1.5c-11.3-2-33.1-10.1-44.7-5.7\ts-12.1,4.6-18,7.4c-6.6,3.2-20,9.6-36.6,9.3C131.6,23.5,99.5,7.2,86.3,8c-1.4,0.1-6.6,0.8-10.5,2c-3.8,1.2-9.4,3.8-17,4.7\tc-3.2,0.4-8.3,1.1-14.2,0.9c-1.5-0.1-6.3-0.4-12-1.6c-5.7-1.2-11-3.1-15.8-3.7C6.5,9.2,0,10.8,0,10.8V0h283.5V9.7z M260.8,11.3\tc-0.7-1-2-0.4-4.3-0.4c-2.3,0-6.1-1.2-5.8-1.1c0.3,0.1,3.1,1.5,6,1.9C259.7,12.2,261.4,12.3,260.8,11.3z M242.4,8.6\tc0,0-2.4-0.2-5.6-0.9c-3.2-0.8-10.3-2.8-15.1-3.5c-8.2-1.1-15.8,0-15.1,0.1c0.8,0.1,9.6-0.6,17.6,1.1c3.3,0.7,9.3,2.2,12.4,2.7\tC239.9,8.7,242.4,8.6,242.4,8.6z M185.2,8.5c1.7-0.7-13.3,4.7-18.5,6.1c-2.1,0.6-6.2,1.6-10,2c-3.9,0.4-8.9,0.4-8.8,0.5\tc0,0.2,5.8,0.8,11.2,0c5.4-0.8,5.2-1.1,7.6-1.6C170.5,14.7,183.5,9.2,185.2,8.5z M199.1,6.9c0.2,0-0.8-0.4-4.8,1.1\tc-4,1.5-6.7,3.5-6.9,3.7c-0.2,0.1,3.5-1.8,6.6-3C197,7.5,199,6.9,199.1,6.9z M283,6c-0.1,0.1-1.9,1.1-4.8,2.5s-6.9,2.8-6.7,2.7\tc0.2,0,3.5-0.6,7.4-2.5C282.8,6.8,283.1,5.9,283,6z M31.3,11.6c0.1-0.2-1.9-0.2-4.5-1.2s-5.4-1.6-7.8-2C15,7.6,7.3,8.5,7.7,8.6\tC8,8.7,15.9,8.3,20.2,9.3c2.2,0.5,2.4,0.5,5.7,1.6S31.2,11.9,31.3,11.6z M73,9.2c0.4-0.1,3.5-1.6,8.4-2.6c4.9-1.1,8.9-0.5,8.9-0.8\tc0-0.3-1-0.9-6.2-0.3S72.6,9.3,73,9.2z M71.6,6.7C71.8,6.8,75,5.4,77.3,5c2.3-0.3,1.9-0.5,1.9-0.6c0-0.1-1.1-0.2-2.7,0.2\tC74.8,5.1,71.4,6.6,71.6,6.7z M93.6,4.4c0.1,0.2,3.5,0.8,5.6,1.8c2.1,1,1.8,0.6,1.9,0.5c0.1-0.1-0.8-0.8-2.4-1.3\tC97.1,4.8,93.5,4.2,93.6,4.4z M65.4,11.1c-0.1,0.3,0.3,0.5,1.9-0.2s2.6-1.3,2.2-1.2s-0.9,0.4-2.5,0.8C65.3,10.9,65.5,10.8,65.4,11.1\tz M34.5,12.4c-0.2,0,2.1,0.8,3.3,0.9c1.2,0.1,2,0.1,2-0.2c0-0.3-0.1-0.5-1.6-0.4C36.6,12.8,34.7,12.4,34.5,12.4z M152.2,21.1\tc-0.1,0.1-2.4-0.3-7.5-0.3c-5,0-13.6-2.4-17.2-3.5c-3.6-1.1,10,3.9,16.5,4.1C150.5,21.6,152.3,21,152.2,21.1z\"\/>\n\t<path class=\"elementor-shape-fill\" d=\"M269.6,18c-0.1-0.1-4.6,0.3-7.2,0c-7.3-0.7-17-3.2-16.6-2.9c0.4,0.3,13.7,3.1,17,3.3\tC267.7,18.8,269.7,18,269.6,18z\"\/>\n\t<path class=\"elementor-shape-fill\" d=\"M227.4,9.8c-0.2-0.1-4.5-1-9.5-1.2c-5-0.2-12.7,0.6-12.3,0.5c0.3-0.1,5.9-1.8,13.3-1.2\tS227.6,9.9,227.4,9.8z\"\/>\n\t<path class=\"elementor-shape-fill\" d=\"M204.5,13.4c-0.1-0.1,2-1,3.2-1.1c1.2-0.1,2,0,2,0.3c0,0.3-0.1,0.5-1.6,0.4\tC206.4,12.9,204.6,13.5,204.5,13.4z\"\/>\n\t<path class=\"elementor-shape-fill\" d=\"M201,10.6c0-0.1-4.4,1.2-6.3,2.2c-1.9,0.9-6.2,3.1-6.1,3.1c0.1,0.1,4.2-1.6,6.3-2.6\tS201,10.7,201,10.6z\"\/>\n\t<path class=\"elementor-shape-fill\" d=\"M154.5,26.7c-0.1-0.1-4.6,0.3-7.2,0c-7.3-0.7-17-3.2-16.6-2.9c0.4,0.3,13.7,3.1,17,3.3\tC152.6,27.5,154.6,26.8,154.5,26.7z\"\/>\n\t<path class=\"elementor-shape-fill\" d=\"M41.9,19.3c0,0,1.2-0.3,2.9-0.1c1.7,0.2,5.8,0.9,8.2,0.7c4.2-0.4,7.4-2.7,7-2.6\tc-0.4,0-4.3,2.2-8.6,1.9c-1.8-0.1-5.1-0.5-6.7-0.4S41.9,19.3,41.9,19.3z\"\/>\n\t<path class=\"elementor-shape-fill\" d=\"M75.5,12.6c0.2,0.1,2-0.8,4.3-1.1c2.3-0.2,2.1-0.3,2.1-0.5c0-0.1-1.8-0.4-3.4,0\tC76.9,11.5,75.3,12.5,75.5,12.6z\"\/>\n\t<path class=\"elementor-shape-fill\" d=\"M15.6,13.2c0-0.1,4.3,0,6.7,0.5c2.4,0.5,5,1.9,5,2c0,0.1-2.7-0.8-5.1-1.4\tC19.9,13.7,15.7,13.3,15.6,13.2z\"\/>\n<\/svg>\t\t<\/div>\n\t\t\t\t\t<div class=\"elementor-container elementor-column-gap-default\">\n\t\t\t\t\t<div class=\"elementor-column elementor-col-100 elementor-top-column elementor-element elementor-element-1ab0fa4\" data-id=\"1ab0fa4\" data-element_type=\"column\" data-e-type=\"column\">\n\t\t\t<div class=\"elementor-widget-wrap elementor-element-populated\">\n\t\t\t\t\t\t<div class=\"elementor-element elementor-element-2b2b70e elementor-widget-divider--separator-type-pattern elementor-widget-divider--no-spacing elementor-widget-divider--view-line elementor-widget elementor-widget-divider\" data-id=\"2b2b70e\" data-element_type=\"widget\" data-e-type=\"widget\" data-widget_type=\"divider.default\">\n\t\t\t\t<div class=\"elementor-widget-container\">\n\t\t\t\t\t\t\t<div class=\"elementor-divider\" style=\"--divider-pattern-url: url(&quot;data:image\/svg+xml,%3Csvg xmlns=&#039;http:\/\/www.w3.org\/2000\/svg&#039; preserveAspectRatio=&#039;xMidYMid meet&#039; overflow=&#039;visible&#039; height=&#039;100%&#039; viewBox=&#039;0 0 126 26&#039; fill=&#039;black&#039; stroke=&#039;none&#039;%3E%3Cpath d=&#039;M3,10.2c2.6,0,2.6,2,2.6,3.2S4.4,16.5,3,16.5s-3-1.4-3-3.2S0.4,10.2,3,10.2z M18.8,10.2c1.7,0,3.2,1.4,3.2,3.2s-1.4,3.2-3.2,3.2c-1.7,0-3.2-1.4-3.2-3.2S17,10.2,18.8,10.2z M34.6,10.2c1.5,0,2.6,1.4,2.6,3.2s-0.5,3.2-1.9,3.2c-1.5,0-3.4-1.4-3.4-3.2S33.1,10.2,34.6,10.2z M50.5,10.2c1.7,0,3.2,1.4,3.2,3.2s-1.4,3.2-3.2,3.2c-1.7,0-3.3-0.9-3.3-2.6S48.7,10.2,50.5,10.2z M66.2,10.2c1.5,0,3.4,1.4,3.4,3.2s-1.9,3.2-3.4,3.2c-1.5,0-2.6-0.4-2.6-2.1S64.8,10.2,66.2,10.2z M82.2,10.2c1.7,0.8,2.6,1.4,2.6,3.2s-0.1,3.2-1.6,3.2c-1.5,0-3.7-1.4-3.7-3.2S80.5,9.4,82.2,10.2zM98.6,10.2c1.5,0,2.6,0.4,2.6,2.1s-1.2,4.2-2.6,4.2c-1.5,0-3.7-0.4-3.7-2.1S97.1,10.2,98.6,10.2z M113.4,10.2c1.2,0,2.2,0.9,2.2,3.2s-0.1,3.2-1.3,3.2s-3.1-1.4-3.1-3.2S112.2,10.2,113.4,10.2z&#039;\/%3E%3C\/svg%3E&quot;);\">\n\t\t\t<span class=\"elementor-divider-separator\">\n\t\t\t\t\t\t<\/span>\n\t\t<\/div>\n\t\t\t\t\t\t<\/div>\n\t\t\t\t<\/div>\n\t\t\t\t<div class=\"elementor-element elementor-element-cb0ec3f elementor-widget elementor-widget-heading\" data-id=\"cb0ec3f\" data-element_type=\"widget\" data-e-type=\"widget\" data-widget_type=\"heading.default\">\n\t\t\t\t<div class=\"elementor-widget-container\">\n\t\t\t\t\t<h2 class=\"elementor-heading-title elementor-size-default\">Restez 4+ nuits et \u00e9conomisez 25%<\/h2>\t\t\t\t<\/div>\n\t\t\t\t<\/div>\n\t\t\t\t\t<\/div>\n\t\t<\/div>\n\t\t\t\t\t<\/div>\n\t\t<\/section>\n\t\t\t\t<section class=\"elementor-section elementor-top-section elementor-element elementor-element-83af7d9 elementor-section-boxed elementor-section-height-default elementor-section-height-default\" data-id=\"83af7d9\" data-element_type=\"section\" data-e-type=\"section\" data-settings=\"{&quot;background_background&quot;:&quot;classic&quot;}\">\n\t\t\t\t\t\t<div class=\"elementor-container elementor-column-gap-default\">\n\t\t\t\t\t<div class=\"elementor-column elementor-col-100 elementor-top-column elementor-element elementor-element-efa1653 elementor-invisible\" data-id=\"efa1653\" data-element_type=\"column\" data-e-type=\"column\" data-settings=\"{&quot;animation&quot;:&quot;fadeIn&quot;,&quot;background_background&quot;:&quot;classic&quot;}\">\n\t\t\t<div class=\"elementor-widget-wrap elementor-element-populated\">\n\t\t\t\t\t\t<div class=\"elementor-element elementor-element-6000701 elementor-cta--layout-image-left elementor-cta--mobile-layout-image-above elementor-cta--skin-classic elementor-animated-content elementor-bg-transform elementor-bg-transform-zoom-in elementor-widget elementor-widget-call-to-action\" data-id=\"6000701\" data-element_type=\"widget\" data-e-type=\"widget\" data-widget_type=\"call-to-action.default\">\n\t\t\t\t<div class=\"elementor-widget-container\">\n\t\t\t\t\t\t\t<a class=\"elementor-cta\" href=\"tel:2079345253\" target=\"_blank\" rel=\"noopener\">\n\t\t\t\t\t<div class=\"elementor-cta__bg-wrapper\">\n\t\t\t\t<div class=\"elementor-cta__bg elementor-bg\" style=\"background-image: url(https:\/\/www.kebek3motel.com\/wp-content\/uploads\/2025\/12\/OOB_Lifestyle_Card1-57-1024x683.jpg);\" role=\"img\" aria-label=\"kebek 3 coucher de soleil\"><\/div>\n\t\t\t\t<div class=\"elementor-cta__bg-overlay\"><\/div>\n\t\t\t<\/div>\n\t\t\t\t\t\t\t<div class=\"elementor-cta__content\">\n\t\t\t\t\n\t\t\t\t\t\t\t\t\t<h3 class=\"elementor-cta__title elementor-cta__content-item elementor-content-item\">\n\t\t\t\t\t\tRestez 4 nuits et \u00e9conomisez 25% !\t\t\t\t\t<\/h3>\n\t\t\t\t\n\t\t\t\t\t\t\t\t\t<div class=\"elementor-cta__description elementor-cta__content-item elementor-content-item\">\n\t\t\t\t\t\t<b>Plus de temps au Kebek 3 et plus d'\u00e9conomies. <\/b>Recevez 25% de r\u00e9duction sur votre s\u00e9jour lorsque vous r\u00e9servez quatre nuits cons\u00e9cutives ou plus au tarif normal. Plus vous restez longtemps, plus vous \u00e9conomisez, ce qui en fait le moment id\u00e9al pour une escapade relaxante au printemps.\n<b>Valable du 17 avril au 30 juin.\n<\/b>La r\u00e9duction est soumise \u00e0 disponibilit\u00e9 et s'applique uniquement au tarif normal. Les r\u00e9servations doivent \u00eatre faites directement aupr\u00e8s du Kebek 3. Veuillez mentionner cette r\u00e9duction lors de la r\u00e9servation.\n<img decoding=\"async\" role=\"img\" class=\"emoji\" alt=\"\ud83d\udcde\" src=\"https:\/\/s.w.org\/images\/core\/emoji\/17.0.2\/svg\/1f4de.svg\"> Appelez le (207) 934-5253 pour r\u00e9server votre s\u00e9jour d\u00e8s aujourd'hui !\t\t\t\t\t<\/div>\n\t\t\t\t\n\t\t\t\t\t\t\t\t\t<div class=\"elementor-cta__button-wrapper elementor-cta__content-item elementor-content-item\">\n\t\t\t\t\t<span class=\"elementor-cta__button elementor-button elementor-size-\">\n\t\t\t\t\t\tAppeler le (207) 934-5253\t\t\t\t\t<\/span>\n\t\t\t\t\t<\/div>\n\t\t\t\t\t\t\t<\/div>\n\t\t\t\t\t\t<\/a>\n\t\t\t\t\t\t<\/div>\n\t\t\t\t<\/div>\n\t\t\t\t\t<\/div>\n\t\t<\/div>\n\t\t\t\t\t<\/div>\n\t\t<\/section>\n\t\t\t\t<\/div>","protected":false},"excerpt":{"rendered":"<p>Special Offers Stay 4+ Nights &amp; Save 25% Stay 4 nights &amp; save 25%! Enjoy more time at the Kebek 3\u2014and more savings. Receive 25% off your stay when you book four or more consecutive nights&nbsp;at the regular nightly rate. The longer you stay, the more you save, making this the perfect time for a [&hellip;]<\/p>\n","protected":false},"author":3,"featured_media":2138,"parent":0,"menu_order":0,"comment_status":"closed","ping_status":"closed","template":"","meta":{"footnotes":""},"class_list":["post-2158","page","type-page","status-publish","has-post-thumbnail","hentry"],"yoast_head":"<!-- This site is optimized with the Yoast SEO plugin v27.5 - https:\/\/yoast.com\/product\/yoast-seo-wordpress\/ -->\n<title>Special Offers - Kebek 3 Oceanside Motel | Old Orchard Beach, Maine<\/title>\n<meta name=\"description\" content=\"Save on your Old Orchard Beach stay with special offers at Kebek 3 Motel. Book direct for exclusive discounts near the beach and pier.\" \/>\n<meta name=\"robots\" content=\"index, follow, max-snippet:-1, max-image-preview:large, max-video-preview:-1\" \/>\n<link rel=\"canonical\" href=\"https:\/\/www.kebek3motel.com\/fr\/special-offers\/\" \/>\n<meta property=\"og:locale\" content=\"fr_CA\" \/>\n<meta property=\"og:type\" content=\"article\" \/>\n<meta property=\"og:title\" content=\"Special Offers - Kebek 3 Oceanside Motel | Old Orchard Beach, Maine\" \/>\n<meta property=\"og:description\" content=\"Save on your Old Orchard Beach stay with special offers at Kebek 3 Motel. Book direct for exclusive discounts near the beach and pier.\" \/>\n<meta property=\"og:url\" content=\"https:\/\/www.kebek3motel.com\/fr\/special-offers\/\" \/>\n<meta property=\"og:site_name\" content=\"Kebek 3 Oceanside Motel | Old Orchard Beach, Maine\" \/>\n<meta property=\"article:publisher\" content=\"https:\/\/www.facebook.com\/kebek3motel\/\" \/>\n<meta property=\"article:modified_time\" content=\"2026-01-26T23:11:23+00:00\" \/>\n<meta property=\"og:image\" content=\"https:\/\/www.kebek3motel.com\/wp-content\/uploads\/2025\/12\/OOB_Lifestyle_Card1-89-1-scaled.jpg\" \/>\n\t<meta property=\"og:image:width\" content=\"2560\" \/>\n\t<meta property=\"og:image:height\" content=\"1707\" \/>\n\t<meta property=\"og:image:type\" content=\"image\/jpeg\" \/>\n<meta name=\"twitter:card\" content=\"summary_large_image\" \/>\n<meta name=\"twitter:label1\" content=\"Estimation du temps de lecture\" \/>\n\t<meta name=\"twitter:data1\" content=\"1 minute\" \/>\n<script type=\"application\/ld+json\" class=\"yoast-schema-graph\">{\"@context\":\"https:\\\/\\\/schema.org\",\"@graph\":[{\"@type\":\"WebPage\",\"@id\":\"https:\\\/\\\/www.kebek3motel.com\\\/special-offers\\\/\",\"url\":\"https:\\\/\\\/www.kebek3motel.com\\\/special-offers\\\/\",\"name\":\"Special Offers - Kebek 3 Oceanside Motel | Old Orchard Beach, Maine\",\"isPartOf\":{\"@id\":\"https:\\\/\\\/www.kebek3motel.com\\\/#website\"},\"primaryImageOfPage\":{\"@id\":\"https:\\\/\\\/www.kebek3motel.com\\\/special-offers\\\/#primaryimage\"},\"image\":{\"@id\":\"https:\\\/\\\/www.kebek3motel.com\\\/special-offers\\\/#primaryimage\"},\"thumbnailUrl\":\"https:\\\/\\\/www.kebek3motel.com\\\/wp-content\\\/uploads\\\/2025\\\/12\\\/OOB_Lifestyle_Card1-89-1-scaled.jpg\",\"datePublished\":\"2026-01-26T22:58:43+00:00\",\"dateModified\":\"2026-01-26T23:11:23+00:00\",\"description\":\"Save on your Old Orchard Beach stay with special offers at Kebek 3 Motel. Book direct for exclusive discounts near the beach and pier.\",\"breadcrumb\":{\"@id\":\"https:\\\/\\\/www.kebek3motel.com\\\/special-offers\\\/#breadcrumb\"},\"inLanguage\":\"fr-CA\",\"potentialAction\":[{\"@type\":\"ReadAction\",\"target\":[\"https:\\\/\\\/www.kebek3motel.com\\\/special-offers\\\/\"]}]},{\"@type\":\"ImageObject\",\"inLanguage\":\"fr-CA\",\"@id\":\"https:\\\/\\\/www.kebek3motel.com\\\/special-offers\\\/#primaryimage\",\"url\":\"https:\\\/\\\/www.kebek3motel.com\\\/wp-content\\\/uploads\\\/2025\\\/12\\\/OOB_Lifestyle_Card1-89-1-scaled.jpg\",\"contentUrl\":\"https:\\\/\\\/www.kebek3motel.com\\\/wp-content\\\/uploads\\\/2025\\\/12\\\/OOB_Lifestyle_Card1-89-1-scaled.jpg\",\"width\":2560,\"height\":1707,\"caption\":\"old orcahrd beach lifestyle\"},{\"@type\":\"BreadcrumbList\",\"@id\":\"https:\\\/\\\/www.kebek3motel.com\\\/special-offers\\\/#breadcrumb\",\"itemListElement\":[{\"@type\":\"ListItem\",\"position\":1,\"name\":\"Home\",\"item\":\"https:\\\/\\\/www.kebek3motel.com\\\/\"},{\"@type\":\"ListItem\",\"position\":2,\"name\":\"Special Offers\"}]},{\"@type\":\"WebSite\",\"@id\":\"https:\\\/\\\/www.kebek3motel.com\\\/#website\",\"url\":\"https:\\\/\\\/www.kebek3motel.com\\\/\",\"name\":\"Kebek 3 Oceanside Motel | Old Orchard Beach, Maine\",\"description\":\"Old Orchard Beach, Maine Oceanfront Lodging\",\"publisher\":{\"@id\":\"https:\\\/\\\/www.kebek3motel.com\\\/#organization\"},\"potentialAction\":[{\"@type\":\"SearchAction\",\"target\":{\"@type\":\"EntryPoint\",\"urlTemplate\":\"https:\\\/\\\/www.kebek3motel.com\\\/?s={search_term_string}\"},\"query-input\":{\"@type\":\"PropertyValueSpecification\",\"valueRequired\":true,\"valueName\":\"search_term_string\"}}],\"inLanguage\":\"fr-CA\"},{\"@type\":\"Organization\",\"@id\":\"https:\\\/\\\/www.kebek3motel.com\\\/#organization\",\"name\":\"KebeK 3 Motel\",\"url\":\"https:\\\/\\\/www.kebek3motel.com\\\/\",\"logo\":{\"@type\":\"ImageObject\",\"inLanguage\":\"fr-CA\",\"@id\":\"https:\\\/\\\/www.kebek3motel.com\\\/#\\\/schema\\\/logo\\\/image\\\/\",\"url\":\"https:\\\/\\\/www.kebek3motel.com\\\/wp-content\\\/uploads\\\/2021\\\/10\\\/KebeK-3-Motel-Logo.png\",\"contentUrl\":\"https:\\\/\\\/www.kebek3motel.com\\\/wp-content\\\/uploads\\\/2021\\\/10\\\/KebeK-3-Motel-Logo.png\",\"width\":801,\"height\":801,\"caption\":\"KebeK 3 Motel\"},\"image\":{\"@id\":\"https:\\\/\\\/www.kebek3motel.com\\\/#\\\/schema\\\/logo\\\/image\\\/\"},\"sameAs\":[\"https:\\\/\\\/www.facebook.com\\\/kebek3motel\\\/\",\"https:\\\/\\\/www.instagram.com\\\/kebek3motel\"]}]}<\/script>\n<!-- \/ Yoast SEO plugin. -->","yoast_head_json":{"title":"Offres sp\u00e9ciales - Kebek 3 Oceanside Motel | Old Orchard Beach, Maine","description":"\u00c9conomisez sur votre s\u00e9jour \u00e0 Old Orchard Beach gr\u00e2ce aux offres sp\u00e9ciales du Kebek 3 Motel. R\u00e9servez directement pour b\u00e9n\u00e9ficier de r\u00e9ductions exclusives pr\u00e8s de la plage et de la jet\u00e9e.","robots":{"index":"index","follow":"follow","max-snippet":"max-snippet:-1","max-image-preview":"max-image-preview:large","max-video-preview":"max-video-preview:-1"},"canonical":"https:\/\/www.kebek3motel.com\/fr\/special-offers\/","og_locale":"fr_CA","og_type":"article","og_title":"Special Offers - Kebek 3 Oceanside Motel | Old Orchard Beach, Maine","og_description":"Save on your Old Orchard Beach stay with special offers at Kebek 3 Motel. Book direct for exclusive discounts near the beach and pier.","og_url":"https:\/\/www.kebek3motel.com\/fr\/special-offers\/","og_site_name":"Kebek 3 Oceanside Motel | Old Orchard Beach, Maine","article_publisher":"https:\/\/www.facebook.com\/kebek3motel\/","article_modified_time":"2026-01-26T23:11:23+00:00","og_image":[{"width":2560,"height":1707,"url":"https:\/\/www.kebek3motel.com\/wp-content\/uploads\/2025\/12\/OOB_Lifestyle_Card1-89-1-scaled.jpg","type":"image\/jpeg"}],"twitter_card":"summary_large_image","twitter_misc":{"Estimation du temps de lecture":"1 minute"},"schema":{"@context":"https:\/\/schema.org","@graph":[{"@type":"WebPage","@id":"https:\/\/www.kebek3motel.com\/special-offers\/","url":"https:\/\/www.kebek3motel.com\/special-offers\/","name":"Offres sp\u00e9ciales - Kebek 3 Oceanside Motel | Old Orchard Beach, Maine","isPartOf":{"@id":"https:\/\/www.kebek3motel.com\/#website"},"primaryImageOfPage":{"@id":"https:\/\/www.kebek3motel.com\/special-offers\/#primaryimage"},"image":{"@id":"https:\/\/www.kebek3motel.com\/special-offers\/#primaryimage"},"thumbnailUrl":"https:\/\/www.kebek3motel.com\/wp-content\/uploads\/2025\/12\/OOB_Lifestyle_Card1-89-1-scaled.jpg","datePublished":"2026-01-26T22:58:43+00:00","dateModified":"2026-01-26T23:11:23+00:00","description":"\u00c9conomisez sur votre s\u00e9jour \u00e0 Old Orchard Beach gr\u00e2ce aux offres sp\u00e9ciales du Kebek 3 Motel. R\u00e9servez directement pour b\u00e9n\u00e9ficier de r\u00e9ductions exclusives pr\u00e8s de la plage et de la jet\u00e9e.","breadcrumb":{"@id":"https:\/\/www.kebek3motel.com\/special-offers\/#breadcrumb"},"inLanguage":"fr-CA","potentialAction":[{"@type":"ReadAction","target":["https:\/\/www.kebek3motel.com\/special-offers\/"]}]},{"@type":"ImageObject","inLanguage":"fr-CA","@id":"https:\/\/www.kebek3motel.com\/special-offers\/#primaryimage","url":"https:\/\/www.kebek3motel.com\/wp-content\/uploads\/2025\/12\/OOB_Lifestyle_Card1-89-1-scaled.jpg","contentUrl":"https:\/\/www.kebek3motel.com\/wp-content\/uploads\/2025\/12\/OOB_Lifestyle_Card1-89-1-scaled.jpg","width":2560,"height":1707,"caption":"old orcahrd beach lifestyle"},{"@type":"BreadcrumbList","@id":"https:\/\/www.kebek3motel.com\/special-offers\/#breadcrumb","itemListElement":[{"@type":"ListItem","position":1,"name":"Home","item":"https:\/\/www.kebek3motel.com\/"},{"@type":"ListItem","position":2,"name":"Special Offers"}]},{"@type":"WebSite","@id":"https:\/\/www.kebek3motel.com\/#website","url":"https:\/\/www.kebek3motel.com\/","name":"Kebek 3 Oceanside Motel | Old Orchard Beach, Maine","description":"Old Orchard Beach, Maine H\u00e9bergement en bord de mer","publisher":{"@id":"https:\/\/www.kebek3motel.com\/#organization"},"potentialAction":[{"@type":"SearchAction","target":{"@type":"EntryPoint","urlTemplate":"https:\/\/www.kebek3motel.com\/?s={search_term_string}"},"query-input":{"@type":"PropertyValueSpecification","valueRequired":true,"valueName":"search_term_string"}}],"inLanguage":"fr-CA"},{"@type":"Organization","@id":"https:\/\/www.kebek3motel.com\/#organization","name":"KebeK 3 Motel","url":"https:\/\/www.kebek3motel.com\/","logo":{"@type":"ImageObject","inLanguage":"fr-CA","@id":"https:\/\/www.kebek3motel.com\/#\/schema\/logo\/image\/","url":"https:\/\/www.kebek3motel.com\/wp-content\/uploads\/2021\/10\/KebeK-3-Motel-Logo.png","contentUrl":"https:\/\/www.kebek3motel.com\/wp-content\/uploads\/2021\/10\/KebeK-3-Motel-Logo.png","width":801,"height":801,"caption":"KebeK 3 Motel"},"image":{"@id":"https:\/\/www.kebek3motel.com\/#\/schema\/logo\/image\/"},"sameAs":["https:\/\/www.facebook.com\/kebek3motel\/","https:\/\/www.instagram.com\/kebek3motel"]}]}},"_links":{"self":[{"href":"https:\/\/www.kebek3motel.com\/fr\/wp-json\/wp\/v2\/pages\/2158","targetHints":{"allow":["GET"]}}],"collection":[{"href":"https:\/\/www.kebek3motel.com\/fr\/wp-json\/wp\/v2\/pages"}],"about":[{"href":"https:\/\/www.kebek3motel.com\/fr\/wp-json\/wp\/v2\/types\/page"}],"author":[{"embeddable":true,"href":"https:\/\/www.kebek3motel.com\/fr\/wp-json\/wp\/v2\/users\/3"}],"replies":[{"embeddable":true,"href":"https:\/\/www.kebek3motel.com\/fr\/wp-json\/wp\/v2\/comments?post=2158"}],"version-history":[{"count":10,"href":"https:\/\/www.kebek3motel.com\/fr\/wp-json\/wp\/v2\/pages\/2158\/revisions"}],"predecessor-version":[{"id":2171,"href":"https:\/\/www.kebek3motel.com\/fr\/wp-json\/wp\/v2\/pages\/2158\/revisions\/2171"}],"wp:featuredmedia":[{"embeddable":true,"href":"https:\/\/www.kebek3motel.com\/fr\/wp-json\/wp\/v2\/media\/2138"}],"wp:attachment":[{"href":"https:\/\/www.kebek3motel.com\/fr\/wp-json\/wp\/v2\/media?parent=2158"}],"curies":[{"name":"wp","href":"https:\/\/api.w.org\/{rel}","templated":true}]}}